{"id":925,"date":"2019-03-31T20:41:56","date_gmt":"2019-03-31T20:41:56","guid":{"rendered":"http:\/\/onken.info\/?page_id=925"},"modified":"2019-03-31T20:43:25","modified_gmt":"2019-03-31T20:43:25","slug":"magazines","status":"publish","type":"page","link":"https:\/\/onken.info\/?page_id=925","title":{"rendered":"Magazines"},"content":{"rendered":"\n<p>Eijiro Ko\u00efzumi a \u00e9crit de nombreux articles et particip\u00e9 \u00e0 plusieurs table-rondes dans la revue japonaise MJ Audio. Voici la liste de ses contributions avec hyper-liens de r\u00e9f\u00e9rence lorsque c&rsquo;est possible. \u00c0 terme, nous aimerions offrir le maximum d&rsquo;articles avec traduction:<\/p>\n\n\n\n<p><strong>1972:<\/strong> <\/p>\n\n\n\n<p>filtre<\/p>\n\n\n\n<p><strong>1973: <\/strong> <\/p>\n\n\n\n<p>production de trois types de filtres LC utilis\u00e9s pour une table-ronde exp\u00e9rimentale<\/p>\n\n\n\n<p>Aimant permanent utilis\u00e9 pour les haut-parleurs<\/p>\n\n\n\n<p><strong>1974:<\/strong> <\/p>\n\n\n\n<p>panel d&rsquo;\u00e9coute de 5 enceinte<\/p>\n\n\n\n<p><strong>1975: <\/strong><\/p>\n\n\n\n<p>filtre 3 voies, 12 dB<\/p>\n\n\n\n<p>Panel d&rsquo;\u00e9coute de nouvelles enceintes JBL<\/p>\n\n\n\n<p>Panel d&rsquo;\u00e9coute d&rsquo;\u00e9lectroniques Kan\u00e9da<br>Panel d&rsquo;\u00e9coute Electro-Voice<br>Table-ronde Advent USA<\/p>\n\n\n\n<p><strong>1976:<\/strong><\/p>\n\n\n\n<p>Servo CA \u00b7 Console type \u00e0 entra\u00eenement de fil de moteur \u00b7 Conception et production du lecteur VOL.1:<\/p>\n\n\n\n<p>Conception du syst\u00e8me vol.2<\/p>\n\n\n\n<p>Conception et production d&rsquo;haut-parleur<br>Mesurer et \u00e9couter les caract\u00e9ristiques de corr\u00e9lation de 5 types de haut-parleur et de 6 types d&rsquo;amplifiteurs<\/p>\n\n\n\n<p>Mesurer et \u00e9couter les caract\u00e9ristiques de corr\u00e9lation de 5 types de haut-parleur et de 6 types d&rsquo;amplifiteurs<\/p>\n\n\n\n<p>IP (syst\u00e8me imp\u00e9dance \/ port) Ultra bus 3e s\u00e9rie<br>Conception et r\u00e9alisation de bo\u00eetiers optimaux pour Altec 414-8B (petite Onken)<\/p>\n\n\n\n<p>Am\u00e9liorer les caract\u00e9ristiques transitoires avec la m\u00e9thode IP (port d&rsquo;imp\u00e9dance)<br>Bo\u00eetier utilisant Altec 416-8B de type Koizumi Eijiro (Onken 360L)<\/p>\n\n\n\n<p><br><strong>1977:  <\/strong><\/p>\n\n\n\n<p>Table-ronde: condensateurs de couplage utilis\u00e9s dans les circuits audio<br>Th\u00e9orie pour la reproduction de basse profonde<br>Ultra Super Bass<br>Conception et production du syst\u00e8me Ultra Super Bass, filtre et amplificateur<\/p>\n\n\n\n<p>Conception et production d&rsquo;une platine avec moteur servo<\/p>\n\n\n\n<p>Est-ce que la base d&rsquo;une platine a une influence sur le son?<br><br><strong>1978:<\/strong><br>Essais de diff\u00e9rents bras de platine<\/p>\n\n\n\n<p>R\u00e9centes tendances dans les bras de platine longs<\/p>\n\n\n\n<p>Production et essai de base de platine<\/p>\n\n\n\n<p><strong>1979:<\/strong><\/p>\n\n\n\n<p>Circuit LC<\/p>\n\n\n\n<p>Production d&rsquo;une platine \u00e0 base extr\u00eamement lourde, mesures et audition<\/p>\n\n\n\n<p><br><strong>1980:<\/strong><br><br>Circuit magn\u00e9tique de compression, diaphragme en titane et pavillon<\/p>\n\n\n\n<p>Conception et production de platine lourde<\/p>\n\n\n\n<p><strong>1981:<\/strong><\/p>\n\n\n\n<p><strong>1982:<\/strong><\/p>\n","protected":false},"excerpt":{"rendered":"<p>Eijiro Ko\u00efzumi a \u00e9crit de nombreux articles et particip\u00e9 \u00e0 plusieurs table-rondes dans la revue japonaise MJ Audio. Voici la liste de ses contributions avec hyper-liens de r\u00e9f\u00e9rence lorsque c&rsquo;est <a class=\"more-link\" href=\"https:\/\/onken.info\/?page_id=925\">Continuer la lecture \u2192<\/a><\/p>\n","protected":false},"author":1,"featured_media":0,"parent":0,"menu_order":0,"comment_status":"closed","ping_status":"closed","template":"","meta":{"footnotes":""},"class_list":["post-925","page","type-page","status-publish","hentry"],"_links":{"self":[{"href":"https:\/\/onken.info\/index.php?rest_route=\/wp\/v2\/pages\/925","targetHints":{"allow":["GET"]}}],"collection":[{"href":"https:\/\/onken.info\/index.php?rest_route=\/wp\/v2\/pages"}],"about":[{"href":"https:\/\/onken.info\/index.php?rest_route=\/wp\/v2\/types\/page"}],"author":[{"embeddable":true,"href":"https:\/\/onken.info\/index.php?rest_route=\/wp\/v2\/users\/1"}],"replies":[{"embeddable":true,"href":"https:\/\/onken.info\/index.php?rest_route=%2Fwp%2Fv2%2Fcomments&post=925"}],"version-history":[{"count":2,"href":"https:\/\/onken.info\/index.php?rest_route=\/wp\/v2\/pages\/925\/revisions"}],"predecessor-version":[{"id":931,"href":"https:\/\/onken.info\/index.php?rest_route=\/wp\/v2\/pages\/925\/revisions\/931"}],"wp:attachment":[{"href":"https:\/\/onken.info\/index.php?rest_route=%2Fwp%2Fv2%2Fmedia&parent=925"}],"curies":[{"name":"wp","href":"https:\/\/api.w.org\/{rel}","templated":true}]}}