{"id":828,"date":"2019-03-11T02:39:39","date_gmt":"2019-03-11T02:39:39","guid":{"rendered":"http:\/\/onken.info\/?page_id=828"},"modified":"2019-03-11T02:41:25","modified_gmt":"2019-03-11T02:41:25","slug":"312-2","status":"publish","type":"page","link":"https:\/\/onken.info\/?page_id=828","title":{"rendered":"312"},"content":{"rendered":"\n<ul class=\"wp-block-list\"><li>Haut-parleur prototype d\u00e9coulant du Altec 414-8A<\/li><li>30 cm de diam\u00e8tre<\/li><li>\u00c9quipait le rare caisson Onken WB-300<\/li><\/ul>\n","protected":false},"excerpt":{"rendered":"<p>Haut-parleur prototype d\u00e9coulant du Altec 414-8A 30 cm de diam\u00e8tre \u00c9quipait le rare caisson Onken WB-300<\/p>\n","protected":false},"author":1,"featured_media":0,"parent":0,"menu_order":0,"comment_status":"closed","ping_status":"closed","template":"","meta":{"footnotes":""},"class_list":["post-828","page","type-page","status-publish","hentry"],"_links":{"self":[{"href":"https:\/\/onken.info\/index.php?rest_route=\/wp\/v2\/pages\/828","targetHints":{"allow":["GET"]}}],"collection":[{"href":"https:\/\/onken.info\/index.php?rest_route=\/wp\/v2\/pages"}],"about":[{"href":"https:\/\/onken.info\/index.php?rest_route=\/wp\/v2\/types\/page"}],"author":[{"embeddable":true,"href":"https:\/\/onken.info\/index.php?rest_route=\/wp\/v2\/users\/1"}],"replies":[{"embeddable":true,"href":"https:\/\/onken.info\/index.php?rest_route=%2Fwp%2Fv2%2Fcomments&post=828"}],"version-history":[{"count":2,"href":"https:\/\/onken.info\/index.php?rest_route=\/wp\/v2\/pages\/828\/revisions"}],"predecessor-version":[{"id":834,"href":"https:\/\/onken.info\/index.php?rest_route=\/wp\/v2\/pages\/828\/revisions\/834"}],"wp:attachment":[{"href":"https:\/\/onken.info\/index.php?rest_route=%2Fwp%2Fv2%2Fmedia&parent=828"}],"curies":[{"name":"wp","href":"https:\/\/api.w.org\/{rel}","templated":true}]}}