{"id":33,"date":"2019-01-26T21:21:15","date_gmt":"2019-01-26T21:21:15","guid":{"rendered":"http:\/\/onken.info\/?page_id=33"},"modified":"2019-02-05T00:51:31","modified_gmt":"2019-02-05T00:51:31","slug":"articles","status":"publish","type":"page","link":"https:\/\/onken.info\/?page_id=33","title":{"rendered":"Articles"},"content":{"rendered":"\n<p>De nombreux articles sont relatifs aux \u00e9quipement audio de marque Onken, \u00e0 M. Eijiro Ko\u00efzumi et aux utilisateurs de ses pavillons, compressions et caissons.<\/p>\n\n\n\n<p>Dans un premier temps, vous trouverez les articles de M. Ko\u00efzumi parus dans la revue japonaise MJ Audio. Ces articles sont traduits du japonais \u00e0 l&rsquo;anglais via Google Traduction. Personnellement, nous avons toujours consid\u00e9r\u00e9 ces traductions plus fid\u00e8les que celles du japonais au fran\u00e7ais. Cela dit, elles comportent quand m\u00eame des erreurs dues \u00e0 des mots et expressions sur lesquels la \u00ab\u00a0machine\u00a0\u00bb n&rsquo;a pas toujours le dessus.<\/p>\n\n\n\n<p>Deuxi\u00e8mement, nous avons regroup\u00e9 les articles concernant Onken qui sont parus dans la d\u00e9funte revue L&rsquo;Audiophile.<\/p>\n\n\n\n<p>Enfin, vous trouverez p\u00eale-m\u00eale divers articles provenant de diff\u00e9rentes sources.<\/p>\n\n\n\n<p>Bonne lecture!<\/p>\n\n\n\n<p><a href=\"https:\/\/onken.info\/mj-audio\/\">Articles tir\u00e9s de MJ Audio<\/a><\/p>\n\n\n\n<p><a href=\"https:\/\/onken.info\/laudiophile\/\">Articles de la revue L&rsquo;Audiophile<\/a><\/p>\n\n\n\n<p><a href=\"https:\/\/onken.info\/autres\/\">Autres articles<\/a><\/p>\n\n\n\n<p><\/p>\n\n\n\n<p><br><\/p>\n\n\n\n<p><\/p>\n","protected":false},"excerpt":{"rendered":"<p>De nombreux articles sont relatifs aux \u00e9quipement audio de marque Onken, \u00e0 M. Eijiro Ko\u00efzumi et aux utilisateurs de ses pavillons, compressions et caissons. Dans un premier temps, vous trouverez <a class=\"more-link\" href=\"https:\/\/onken.info\/?page_id=33\">Continuer la lecture \u2192<\/a><\/p>\n","protected":false},"author":1,"featured_media":0,"parent":0,"menu_order":0,"comment_status":"closed","ping_status":"closed","template":"","meta":{"footnotes":""},"class_list":["post-33","page","type-page","status-publish","hentry"],"_links":{"self":[{"href":"https:\/\/onken.info\/index.php?rest_route=\/wp\/v2\/pages\/33","targetHints":{"allow":["GET"]}}],"collection":[{"href":"https:\/\/onken.info\/index.php?rest_route=\/wp\/v2\/pages"}],"about":[{"href":"https:\/\/onken.info\/index.php?rest_route=\/wp\/v2\/types\/page"}],"author":[{"embeddable":true,"href":"https:\/\/onken.info\/index.php?rest_route=\/wp\/v2\/users\/1"}],"replies":[{"embeddable":true,"href":"https:\/\/onken.info\/index.php?rest_route=%2Fwp%2Fv2%2Fcomments&post=33"}],"version-history":[{"count":2,"href":"https:\/\/onken.info\/index.php?rest_route=\/wp\/v2\/pages\/33\/revisions"}],"predecessor-version":[{"id":274,"href":"https:\/\/onken.info\/index.php?rest_route=\/wp\/v2\/pages\/33\/revisions\/274"}],"wp:attachment":[{"href":"https:\/\/onken.info\/index.php?rest_route=%2Fwp%2Fv2%2Fmedia&parent=33"}],"curies":[{"name":"wp","href":"https:\/\/api.w.org\/{rel}","templated":true}]}}