{"id":32,"date":"2019-01-26T21:21:15","date_gmt":"2019-01-26T21:21:15","guid":{"rendered":"http:\/\/onken.info\/?page_id=32"},"modified":"2019-03-09T01:02:25","modified_gmt":"2019-03-09T01:02:25","slug":"caissons","status":"publish","type":"page","link":"https:\/\/onken.info\/?page_id=32","title":{"rendered":"Caissons"},"content":{"rendered":"\n<figure class=\"wp-block-image\"><img loading=\"lazy\" decoding=\"async\" width=\"1024\" height=\"640\" src=\"https:\/\/onken.info\/wp-content\/uploads\/2019\/02\/Famille-Onken-2-1024x640.png\" alt=\"\" class=\"wp-image-414\" srcset=\"https:\/\/onken.info\/wp-content\/uploads\/2019\/02\/Famille-Onken-2-1024x640.png 1024w, https:\/\/onken.info\/wp-content\/uploads\/2019\/02\/Famille-Onken-2-300x188.png 300w, https:\/\/onken.info\/wp-content\/uploads\/2019\/02\/Famille-Onken-2-768x480.png 768w\" sizes=\"auto, (max-width: 1024px) 100vw, 1024px\" \/><figcaption>3 caissons Onken: la mini, la petite, la 360L. Tir\u00e9 de <em>L&rsquo;Audiophile,<\/em> premi\u00e8re s\u00e9rie no.30<\/figcaption><\/figure>\n\n\n\n<p>Onken a produit diff\u00e9rents caissons dont plusieurs ont la particularit\u00e9 d&rsquo;avoir des \u00e9vents laminaires afin d&rsquo;augmenter la rigidit\u00e9 de la construction. Ces caissons ont eu une grande influence sur le monde audio. Par exemple, la Onken 360L, bien que produite en petite quantit\u00e9 par Onken, a \u00e9t\u00e9 construite des milliers de fois par des passionn\u00e9s aux quatre coins du monde. <\/p>\n\n\n\n<p>Des 8 caissons pr\u00e9sent\u00e9s, seule la mini-Onken n&rsquo;est pas de Ko\u00efzumi. C&rsquo;est une conception de Jacques Mahul, inspir\u00e9e par les travaux de Ko\u00efzumi.<\/p>\n\n\n\n<ul class=\"wp-block-list\"><li><a href=\"https:\/\/onken.info\/mini-onken\/\">Mini-Onken<\/a><\/li><li><a href=\"https:\/\/onken.info\/petite-onken\/\">Petite Onken<\/a><\/li><li><a href=\"https:\/\/onken.info\/onken-360l\/\">Onken 360L<\/a><\/li><li><a href=\"https:\/\/onken.info\/onken-w\/\">Onken W<\/a><\/li><li><a href=\"http:\/\/4550\">Onken 4550<\/a><\/li><li>Harmo Balade<\/li><li>Harmo Caprici<\/li><li>Super Harmo<\/li><\/ul>\n","protected":false},"excerpt":{"rendered":"<p>Onken a produit diff\u00e9rents caissons dont plusieurs ont la particularit\u00e9 d&rsquo;avoir des \u00e9vents laminaires afin d&rsquo;augmenter la rigidit\u00e9 de la construction. Ces caissons ont eu une grande influence sur le <a class=\"more-link\" href=\"https:\/\/onken.info\/?page_id=32\">Continuer la lecture \u2192<\/a><\/p>\n","protected":false},"author":1,"featured_media":0,"parent":0,"menu_order":0,"comment_status":"closed","ping_status":"closed","template":"","meta":{"footnotes":""},"class_list":["post-32","page","type-page","status-publish","hentry"],"_links":{"self":[{"href":"https:\/\/onken.info\/index.php?rest_route=\/wp\/v2\/pages\/32","targetHints":{"allow":["GET"]}}],"collection":[{"href":"https:\/\/onken.info\/index.php?rest_route=\/wp\/v2\/pages"}],"about":[{"href":"https:\/\/onken.info\/index.php?rest_route=\/wp\/v2\/types\/page"}],"author":[{"embeddable":true,"href":"https:\/\/onken.info\/index.php?rest_route=\/wp\/v2\/users\/1"}],"replies":[{"embeddable":true,"href":"https:\/\/onken.info\/index.php?rest_route=%2Fwp%2Fv2%2Fcomments&post=32"}],"version-history":[{"count":8,"href":"https:\/\/onken.info\/index.php?rest_route=\/wp\/v2\/pages\/32\/revisions"}],"predecessor-version":[{"id":789,"href":"https:\/\/onken.info\/index.php?rest_route=\/wp\/v2\/pages\/32\/revisions\/789"}],"wp:attachment":[{"href":"https:\/\/onken.info\/index.php?rest_route=%2Fwp%2Fv2%2Fmedia&parent=32"}],"curies":[{"name":"wp","href":"https:\/\/api.w.org\/{rel}","templated":true}]}}