{"id":318,"date":"2019-02-07T22:24:33","date_gmt":"2019-02-07T22:24:33","guid":{"rendered":"http:\/\/onken.info\/?page_id=318"},"modified":"2019-02-08T01:37:19","modified_gmt":"2019-02-08T01:37:19","slug":"lecoute-du-systeme-onken-mahul","status":"publish","type":"page","link":"https:\/\/onken.info\/?page_id=318","title":{"rendered":"L&rsquo;\u00e9coute du syst\u00e8me Onken-Mahul"},"content":{"rendered":"\n<p>Article tir\u00e9 de la revue <em>L&rsquo;Audiophile,<\/em> premi\u00e8re s\u00e9rie, no.12<\/p>\n\n\n\n<figure class=\"wp-block-image\"><img loading=\"lazy\" decoding=\"async\" width=\"585\" height=\"830\" src=\"https:\/\/onken.info\/wp-content\/uploads\/2019\/02\/360-Mahul-1.jpg\" alt=\"\" class=\"wp-image-337\" srcset=\"https:\/\/onken.info\/wp-content\/uploads\/2019\/02\/360-Mahul-1.jpg 585w, https:\/\/onken.info\/wp-content\/uploads\/2019\/02\/360-Mahul-1-211x300.jpg 211w\" sizes=\"auto, (max-width: 585px) 100vw, 585px\" \/><\/figure>\n\n\n\n<figure class=\"wp-block-image\"><img loading=\"lazy\" decoding=\"async\" width=\"637\" height=\"662\" src=\"https:\/\/onken.info\/wp-content\/uploads\/2019\/02\/360-Mahul-2.jpg\" alt=\"\" class=\"wp-image-338\" srcset=\"https:\/\/onken.info\/wp-content\/uploads\/2019\/02\/360-Mahul-2.jpg 637w, https:\/\/onken.info\/wp-content\/uploads\/2019\/02\/360-Mahul-2-289x300.jpg 289w\" sizes=\"auto, (max-width: 637px) 100vw, 637px\" \/><\/figure>\n\n\n\n<figure class=\"wp-block-image\"><img loading=\"lazy\" decoding=\"async\" width=\"634\" height=\"871\" src=\"https:\/\/onken.info\/wp-content\/uploads\/2019\/02\/360-Mahul-3.jpg\" alt=\"\" class=\"wp-image-339\" srcset=\"https:\/\/onken.info\/wp-content\/uploads\/2019\/02\/360-Mahul-3.jpg 634w, https:\/\/onken.info\/wp-content\/uploads\/2019\/02\/360-Mahul-3-218x300.jpg 218w\" sizes=\"auto, (max-width: 634px) 100vw, 634px\" \/><\/figure>\n\n\n\n<figure class=\"wp-block-image\"><img loading=\"lazy\" decoding=\"async\" width=\"644\" height=\"882\" src=\"https:\/\/onken.info\/wp-content\/uploads\/2019\/02\/360-Mahul-4.jpg\" alt=\"\" class=\"wp-image-340\" srcset=\"https:\/\/onken.info\/wp-content\/uploads\/2019\/02\/360-Mahul-4.jpg 644w, https:\/\/onken.info\/wp-content\/uploads\/2019\/02\/360-Mahul-4-219x300.jpg 219w\" sizes=\"auto, (max-width: 644px) 100vw, 644px\" \/><\/figure>\n\n\n\n<figure class=\"wp-block-image\"><img loading=\"lazy\" decoding=\"async\" width=\"641\" height=\"884\" src=\"https:\/\/onken.info\/wp-content\/uploads\/2019\/02\/360-Mahul-5.jpg\" alt=\"\" class=\"wp-image-341\" srcset=\"https:\/\/onken.info\/wp-content\/uploads\/2019\/02\/360-Mahul-5.jpg 641w, https:\/\/onken.info\/wp-content\/uploads\/2019\/02\/360-Mahul-5-218x300.jpg 218w\" sizes=\"auto, (max-width: 641px) 100vw, 641px\" \/><\/figure>\n\n\n\n<figure class=\"wp-block-image\"><img loading=\"lazy\" decoding=\"async\" width=\"636\" height=\"873\" src=\"https:\/\/onken.info\/wp-content\/uploads\/2019\/02\/360-Mahul-6.jpg\" alt=\"\" class=\"wp-image-342\" srcset=\"https:\/\/onken.info\/wp-content\/uploads\/2019\/02\/360-Mahul-6.jpg 636w, https:\/\/onken.info\/wp-content\/uploads\/2019\/02\/360-Mahul-6-219x300.jpg 219w\" sizes=\"auto, (max-width: 636px) 100vw, 636px\" \/><\/figure>\n\n\n\n<figure class=\"wp-block-image\"><img loading=\"lazy\" decoding=\"async\" width=\"636\" height=\"884\" src=\"https:\/\/onken.info\/wp-content\/uploads\/2019\/02\/360-Mahul-7.jpg\" alt=\"\" class=\"wp-image-343\" srcset=\"https:\/\/onken.info\/wp-content\/uploads\/2019\/02\/360-Mahul-7.jpg 636w, https:\/\/onken.info\/wp-content\/uploads\/2019\/02\/360-Mahul-7-216x300.jpg 216w\" sizes=\"auto, (max-width: 636px) 100vw, 636px\" \/><\/figure>\n\n\n\n<figure class=\"wp-block-image\"><img loading=\"lazy\" decoding=\"async\" width=\"632\" height=\"637\" src=\"https:\/\/onken.info\/wp-content\/uploads\/2019\/02\/360-Mahul-8.jpg\" alt=\"\" class=\"wp-image-344\" srcset=\"https:\/\/onken.info\/wp-content\/uploads\/2019\/02\/360-Mahul-8.jpg 632w, https:\/\/onken.info\/wp-content\/uploads\/2019\/02\/360-Mahul-8-150x150.jpg 150w, https:\/\/onken.info\/wp-content\/uploads\/2019\/02\/360-Mahul-8-298x300.jpg 298w\" sizes=\"auto, (max-width: 632px) 100vw, 632px\" \/><\/figure>\n\n\n","protected":false},"excerpt":{"rendered":"<p>Article tir\u00e9 de la revue L&rsquo;Audiophile, premi\u00e8re s\u00e9rie, no.12<\/p>\n","protected":false},"author":1,"featured_media":0,"parent":0,"menu_order":0,"comment_status":"closed","ping_status":"closed","template":"","meta":{"footnotes":""},"class_list":["post-318","page","type-page","status-publish","hentry"],"_links":{"self":[{"href":"https:\/\/onken.info\/index.php?rest_route=\/wp\/v2\/pages\/318","targetHints":{"allow":["GET"]}}],"collection":[{"href":"https:\/\/onken.info\/index.php?rest_route=\/wp\/v2\/pages"}],"about":[{"href":"https:\/\/onken.info\/index.php?rest_route=\/wp\/v2\/types\/page"}],"author":[{"embeddable":true,"href":"https:\/\/onken.info\/index.php?rest_route=\/wp\/v2\/users\/1"}],"replies":[{"embeddable":true,"href":"https:\/\/onken.info\/index.php?rest_route=%2Fwp%2Fv2%2Fcomments&post=318"}],"version-history":[{"count":2,"href":"https:\/\/onken.info\/index.php?rest_route=\/wp\/v2\/pages\/318\/revisions"}],"predecessor-version":[{"id":345,"href":"https:\/\/onken.info\/index.php?rest_route=\/wp\/v2\/pages\/318\/revisions\/345"}],"wp:attachment":[{"href":"https:\/\/onken.info\/index.php?rest_route=%2Fwp%2Fv2%2Fmedia&parent=318"}],"curies":[{"name":"wp","href":"https:\/\/api.w.org\/{rel}","templated":true}]}}