{"id":25,"date":"2019-01-26T21:21:14","date_gmt":"2019-01-26T21:21:14","guid":{"rendered":"http:\/\/onken.info\/?page_id=25"},"modified":"2019-02-09T10:53:59","modified_gmt":"2019-02-09T10:53:59","slug":"compressions","status":"publish","type":"page","link":"https:\/\/onken.info\/?page_id=25","title":{"rendered":"Compressions"},"content":{"rendered":"\n<p>Onken a commercialis\u00e9 divers moteurs \u00e0 chambre de compression se divisant en 4 cat\u00e9gories \u00e0 laquelle nous ajoutons un haut-parleur de grave issu d&rsquo;un Altec 416-8A modifi\u00e9:<\/p>\n\n\n\n<ul class=\"wp-block-list\"><li><a href=\"https:\/\/onken.info\/os-5000t\/\">Aigu: OS-5000T<\/a><\/li><li><a href=\"https:\/\/onken.info\/os-188t\/\">Aigu: OS-188T<\/a><\/li><li><a href=\"https:\/\/onken.info\/om-845-esprit\/\">M\u00e9dium-aigu: OM-845 Esprit<\/a><\/li><li><a href=\"https:\/\/onken.info\/os-500mt\/\">M\u00e9dium: OS-500MT<\/a><\/li><li><a href=\"https:\/\/onken.info\/om-455-esprit-om-456-esprit\/\">M\u00e9dium: OM-455 Esprit\/OM-456 Esprit<\/a><\/li><li><a href=\"https:\/\/onken.info\/os-100tl\/\">Bas-m\u00e9dium: OS-100TL<\/a><\/li><li><a href=\"https:\/\/onken.info\/om-255es\/\">Bas-m\u00e9dium: OM-255ES<\/a><\/li><li><a href=\"https:\/\/onken.info\/os-8a\/\">Grave: OS-8A<\/a><\/li><\/ul>\n\n\n\n<p><\/p>\n\n\n\n<figure class=\"wp-block-image\"><img loading=\"lazy\" decoding=\"async\" width=\"768\" height=\"1024\" src=\"http:\/\/onken.info\/wp-content\/uploads\/2019\/01\/255ES-1-768x1024.jpg\" alt=\"\" class=\"wp-image-84\"\/><figcaption>Dessin d&rsquo;une vue en coupe de la fameuse compression OM-255ES<br><br><\/figcaption><\/figure>\n\n\n\n<p><\/p>\n","protected":false},"excerpt":{"rendered":"<p>Onken a commercialis\u00e9 divers moteurs \u00e0 chambre de compression se divisant en 4 cat\u00e9gories \u00e0 laquelle nous ajoutons un haut-parleur de grave issu d&rsquo;un Altec 416-8A modifi\u00e9: Aigu: OS-5000T Aigu: <a class=\"more-link\" href=\"https:\/\/onken.info\/?page_id=25\">Continuer la lecture \u2192<\/a><\/p>\n","protected":false},"author":1,"featured_media":84,"parent":0,"menu_order":0,"comment_status":"closed","ping_status":"closed","template":"","meta":{"footnotes":""},"class_list":["post-25","page","type-page","status-publish","has-post-thumbnail","hentry"],"_links":{"self":[{"href":"https:\/\/onken.info\/index.php?rest_route=\/wp\/v2\/pages\/25","targetHints":{"allow":["GET"]}}],"collection":[{"href":"https:\/\/onken.info\/index.php?rest_route=\/wp\/v2\/pages"}],"about":[{"href":"https:\/\/onken.info\/index.php?rest_route=\/wp\/v2\/types\/page"}],"author":[{"embeddable":true,"href":"https:\/\/onken.info\/index.php?rest_route=\/wp\/v2\/users\/1"}],"replies":[{"embeddable":true,"href":"https:\/\/onken.info\/index.php?rest_route=%2Fwp%2Fv2%2Fcomments&post=25"}],"version-history":[{"count":6,"href":"https:\/\/onken.info\/index.php?rest_route=\/wp\/v2\/pages\/25\/revisions"}],"predecessor-version":[{"id":417,"href":"https:\/\/onken.info\/index.php?rest_route=\/wp\/v2\/pages\/25\/revisions\/417"}],"wp:featuredmedia":[{"embeddable":true,"href":"https:\/\/onken.info\/index.php?rest_route=\/wp\/v2\/media\/84"}],"wp:attachment":[{"href":"https:\/\/onken.info\/index.php?rest_route=%2Fwp%2Fv2%2Fmedia&parent=25"}],"curies":[{"name":"wp","href":"https:\/\/api.w.org\/{rel}","templated":true}]}}