{"id":177,"date":"2019-01-29T01:45:52","date_gmt":"2019-01-29T01:45:52","guid":{"rendered":"http:\/\/onken.info\/?page_id=177"},"modified":"2019-03-12T23:09:41","modified_gmt":"2019-03-12T23:09:41","slug":"onken-4550","status":"publish","type":"page","link":"https:\/\/onken.info\/?page_id=177","title":{"rendered":"Onken 4550"},"content":{"rendered":"\n<p>La gen\u00e8se de ce caisson de grave pavillonn\u00e9 est contradictoire. Eijiro Ko\u00efzumi s&rsquo;est bien int\u00e9ress\u00e9 \u00e0 la JBL 4550 telle que pr\u00e9sent\u00e9e dans une approche 4 voies dans un num\u00e9ro de MJ Audio datant de 1982. <\/p>\n\n\n\n<p>Par contre, Jean Hiraga, dans son article sur l&rsquo;installation de M. Kobayashi, mentionne que cette Onken 4550 a influenc\u00e9 JBL dans la cr\u00e9ation de sa version de la 4550. Ce dont il est permis de douter d&rsquo;autant plus que par la suite, Hiraga mentionnait dans un autre article que Ko\u00efzumi s&rsquo;\u00e9tait inspir\u00e9 de la JBL.<\/p>\n\n\n\n<ul class=\"wp-block-list\"><li><a href=\"https:\/\/onken.info\/des-pavillons-en-phase\/\">Des pavillons en phase<\/a><\/li><li><a href=\"https:\/\/onken.info\/onken-4550-facon-jacques-le-dauphin\/\">Onken 4550 fa\u00e7on Jacques Le Dauphin<\/a><\/li><li>Construction contemporaine d&rsquo;un amateur<\/li><\/ul>\n\n\n\n<p><br><\/p>\n","protected":false},"excerpt":{"rendered":"<p>La gen\u00e8se de ce caisson de grave pavillonn\u00e9 est contradictoire. Eijiro Ko\u00efzumi s&rsquo;est bien int\u00e9ress\u00e9 \u00e0 la JBL 4550 telle que pr\u00e9sent\u00e9e dans une approche 4 voies dans un num\u00e9ro <a class=\"more-link\" href=\"https:\/\/onken.info\/?page_id=177\">Continuer la lecture \u2192<\/a><\/p>\n","protected":false},"author":1,"featured_media":0,"parent":0,"menu_order":0,"comment_status":"closed","ping_status":"closed","template":"","meta":{"footnotes":""},"class_list":["post-177","page","type-page","status-publish","hentry"],"_links":{"self":[{"href":"https:\/\/onken.info\/index.php?rest_route=\/wp\/v2\/pages\/177","targetHints":{"allow":["GET"]}}],"collection":[{"href":"https:\/\/onken.info\/index.php?rest_route=\/wp\/v2\/pages"}],"about":[{"href":"https:\/\/onken.info\/index.php?rest_route=\/wp\/v2\/types\/page"}],"author":[{"embeddable":true,"href":"https:\/\/onken.info\/index.php?rest_route=\/wp\/v2\/users\/1"}],"replies":[{"embeddable":true,"href":"https:\/\/onken.info\/index.php?rest_route=%2Fwp%2Fv2%2Fcomments&post=177"}],"version-history":[{"count":8,"href":"https:\/\/onken.info\/index.php?rest_route=\/wp\/v2\/pages\/177\/revisions"}],"predecessor-version":[{"id":871,"href":"https:\/\/onken.info\/index.php?rest_route=\/wp\/v2\/pages\/177\/revisions\/871"}],"wp:attachment":[{"href":"https:\/\/onken.info\/index.php?rest_route=%2Fwp%2Fv2%2Fmedia&parent=177"}],"curies":[{"name":"wp","href":"https:\/\/api.w.org\/{rel}","templated":true}]}}