{"id":154,"date":"2019-01-28T11:04:55","date_gmt":"2019-01-28T11:04:55","guid":{"rendered":"http:\/\/onken.info\/?page_id=154"},"modified":"2019-04-19T19:08:45","modified_gmt":"2019-04-19T19:08:45","slug":"autres","status":"publish","type":"page","link":"https:\/\/onken.info\/?page_id=154","title":{"rendered":"Autres"},"content":{"rendered":"\n<ul class=\"wp-block-list\"><li>Revue du son, no.338: <a href=\"https:\/\/onken.info\/edagawa\/\">Edagawa<\/a><\/li><li>St\u00e9r\u00e9o Prestige et Image, no. 98, <a href=\"https:\/\/onken.info\/hidezumi-tanaka-une-installation-intemporelle\/\">Hidezumi Tanaka, une installation intemporelle<\/a><\/li><li>Nouvelle Revue du Son, juin 1998, <a href=\"https:\/\/onken.info\/le-systeme-de-m-tanaka-20-ans-apres\/\">Le syst\u00e8me de M. Tanaka\u2026 20 ans apr\u00e8s! <\/a><\/li><\/ul>\n\n\n\n<p><a href=\"https:\/\/onken.info\/edagawa\/\"><br><\/a><\/p>\n","protected":false},"excerpt":{"rendered":"<p>Revue du son, no.338: Edagawa St\u00e9r\u00e9o Prestige et Image, no. 98, Hidezumi Tanaka, une installation intemporelle Nouvelle Revue du Son, juin 1998, Le syst\u00e8me de M. Tanaka\u2026 20 ans apr\u00e8s!<\/p>\n","protected":false},"author":1,"featured_media":0,"parent":0,"menu_order":0,"comment_status":"closed","ping_status":"closed","template":"","meta":{"footnotes":""},"class_list":["post-154","page","type-page","status-publish","hentry"],"_links":{"self":[{"href":"https:\/\/onken.info\/index.php?rest_route=\/wp\/v2\/pages\/154","targetHints":{"allow":["GET"]}}],"collection":[{"href":"https:\/\/onken.info\/index.php?rest_route=\/wp\/v2\/pages"}],"about":[{"href":"https:\/\/onken.info\/index.php?rest_route=\/wp\/v2\/types\/page"}],"author":[{"embeddable":true,"href":"https:\/\/onken.info\/index.php?rest_route=\/wp\/v2\/users\/1"}],"replies":[{"embeddable":true,"href":"https:\/\/onken.info\/index.php?rest_route=%2Fwp%2Fv2%2Fcomments&post=154"}],"version-history":[{"count":5,"href":"https:\/\/onken.info\/index.php?rest_route=\/wp\/v2\/pages\/154\/revisions"}],"predecessor-version":[{"id":994,"href":"https:\/\/onken.info\/index.php?rest_route=\/wp\/v2\/pages\/154\/revisions\/994"}],"wp:attachment":[{"href":"https:\/\/onken.info\/index.php?rest_route=%2Fwp%2Fv2%2Fmedia&parent=154"}],"curies":[{"name":"wp","href":"https:\/\/api.w.org\/{rel}","templated":true}]}}