{"id":135,"date":"2019-01-28T10:57:54","date_gmt":"2019-01-28T10:57:54","guid":{"rendered":"http:\/\/onken.info\/?page_id=135"},"modified":"2019-02-09T01:47:11","modified_gmt":"2019-02-09T01:47:11","slug":"sc-500-wood","status":"publish","type":"page","link":"https:\/\/onken.info\/?page_id=135","title":{"rendered":"SC-500 Wood"},"content":{"rendered":"\n<p>Pavillon m\u00e9dium en bois \u00e0 parois horizontales sabl\u00e9es<\/p>\n\n\n\n<ul class=\"wp-block-list\"><li>Utilisation sugg\u00e9r\u00e9e avec compressions OS-500MT ou 455 Esprit<\/li><li>Largeur: 56 cm, hauteur: 25 cm, profondeur: 42 cm<\/li><li>8 kg<\/li><\/ul>\n\n\n\n<figure class=\"wp-block-image\"><img loading=\"lazy\" decoding=\"async\" width=\"800\" height=\"531\" src=\"https:\/\/onken.info\/wp-content\/uploads\/2019\/02\/SC-500-Wood.jpg\" alt=\"\" class=\"wp-image-263\" srcset=\"https:\/\/onken.info\/wp-content\/uploads\/2019\/02\/SC-500-Wood.jpg 800w, https:\/\/onken.info\/wp-content\/uploads\/2019\/02\/SC-500-Wood-300x199.jpg 300w, https:\/\/onken.info\/wp-content\/uploads\/2019\/02\/SC-500-Wood-768x510.jpg 768w\" sizes=\"auto, (max-width: 800px) 100vw, 800px\" \/><figcaption>Pavillon SC-500 Wood de face et ses caract\u00e9ristiques<\/figcaption><\/figure>\n\n\n\n<p><\/p>\n\n\n\n<p><\/p>\n\n\n\n<figure class=\"wp-block-image\"><img loading=\"lazy\" decoding=\"async\" width=\"768\" height=\"1024\" src=\"https:\/\/onken.info\/wp-content\/uploads\/2019\/02\/Catalogue-Onken-1-768x1024.jpg\" alt=\"\" class=\"wp-image-262\" srcset=\"https:\/\/onken.info\/wp-content\/uploads\/2019\/02\/Catalogue-Onken-1-768x1024.jpg 768w, https:\/\/onken.info\/wp-content\/uploads\/2019\/02\/Catalogue-Onken-1-225x300.jpg 225w, https:\/\/onken.info\/wp-content\/uploads\/2019\/02\/Catalogue-Onken-1.jpg 1417w\" sizes=\"auto, (max-width: 768px) 100vw, 768px\" \/><figcaption>Pavillon SC-500 Wood de dos<\/figcaption><\/figure>\n\n\n\n<figure class=\"wp-block-image\"><img loading=\"lazy\" decoding=\"async\" width=\"718\" height=\"1024\" src=\"https:\/\/onken.info\/wp-content\/uploads\/2019\/02\/MED._ONKEN-718x1024.jpg\" alt=\"\" class=\"wp-image-406\" srcset=\"https:\/\/onken.info\/wp-content\/uploads\/2019\/02\/MED._ONKEN-718x1024.jpg 718w, https:\/\/onken.info\/wp-content\/uploads\/2019\/02\/MED._ONKEN-210x300.jpg 210w, https:\/\/onken.info\/wp-content\/uploads\/2019\/02\/MED._ONKEN-768x1096.jpg 768w\" sizes=\"auto, (max-width: 718px) 100vw, 718px\" \/><figcaption>Plan des pavillons SC-500Wood<br><br><\/figcaption><\/figure>\n","protected":false},"excerpt":{"rendered":"<p>Pavillon m\u00e9dium en bois \u00e0 parois horizontales sabl\u00e9es Utilisation sugg\u00e9r\u00e9e avec compressions OS-500MT ou 455 Esprit Largeur: 56 cm, hauteur: 25 cm, profondeur: 42 cm 8 kg<\/p>\n","protected":false},"author":1,"featured_media":0,"parent":0,"menu_order":0,"comment_status":"closed","ping_status":"closed","template":"","meta":{"footnotes":""},"class_list":["post-135","page","type-page","status-publish","hentry"],"_links":{"self":[{"href":"https:\/\/onken.info\/index.php?rest_route=\/wp\/v2\/pages\/135","targetHints":{"allow":["GET"]}}],"collection":[{"href":"https:\/\/onken.info\/index.php?rest_route=\/wp\/v2\/pages"}],"about":[{"href":"https:\/\/onken.info\/index.php?rest_route=\/wp\/v2\/types\/page"}],"author":[{"embeddable":true,"href":"https:\/\/onken.info\/index.php?rest_route=\/wp\/v2\/users\/1"}],"replies":[{"embeddable":true,"href":"https:\/\/onken.info\/index.php?rest_route=%2Fwp%2Fv2%2Fcomments&post=135"}],"version-history":[{"count":3,"href":"https:\/\/onken.info\/index.php?rest_route=\/wp\/v2\/pages\/135\/revisions"}],"predecessor-version":[{"id":407,"href":"https:\/\/onken.info\/index.php?rest_route=\/wp\/v2\/pages\/135\/revisions\/407"}],"wp:attachment":[{"href":"https:\/\/onken.info\/index.php?rest_route=%2Fwp%2Fv2%2Fmedia&parent=135"}],"curies":[{"name":"wp","href":"https:\/\/api.w.org\/{rel}","templated":true}]}}