{"id":132,"date":"2019-01-28T10:55:46","date_gmt":"2019-01-28T10:55:46","guid":{"rendered":"http:\/\/onken.info\/?page_id=132"},"modified":"2019-02-09T10:43:09","modified_gmt":"2019-02-09T10:43:09","slug":"ms-200-wood","status":"publish","type":"page","link":"https:\/\/onken.info\/?page_id=132","title":{"rendered":"MS-200 Wood"},"content":{"rendered":"\n<p>Pavillon bas-m\u00e9dium con\u00e7u \u00e0 l&rsquo;origine pour \u00eatre associ\u00e9 avec la compression OS-100TL, remplac\u00e9e par la suite par la OM-255ES.<\/p>\n\n\n\n<ul class=\"wp-block-list\"><li>Pavillon de 15 cellules en bois avec parois verticales sabl\u00e9es<\/li><li>Plage d&rsquo;utilisation sugg\u00e9r\u00e9e: 220 \u00e0 1k2 Hz<\/li><li>Largeur: 103 cm, hauteur: 64 cm et profondeur: 110 cm<\/li><li>Prix de vente original: 430 000 Yens<\/li><\/ul>\n\n\n\n<p><\/p>\n\n\n\n<p><\/p>\n\n\n\n<figure class=\"wp-block-image\"><img loading=\"lazy\" decoding=\"async\" width=\"768\" height=\"1024\" src=\"https:\/\/onken.info\/wp-content\/uploads\/2019\/02\/200-Wood-1-768x1024.jpg\" alt=\"\" class=\"wp-image-290\" srcset=\"https:\/\/onken.info\/wp-content\/uploads\/2019\/02\/200-Wood-1-768x1024.jpg 768w, https:\/\/onken.info\/wp-content\/uploads\/2019\/02\/200-Wood-1-225x300.jpg 225w, https:\/\/onken.info\/wp-content\/uploads\/2019\/02\/200-Wood-1.jpg 1512w\" sizes=\"auto, (max-width: 768px) 100vw, 768px\" \/><figcaption>Pavillon MS-200 Wood de face, catalogue Onken<br><br><\/figcaption><\/figure>\n\n\n\n<figure class=\"wp-block-image\"><img loading=\"lazy\" decoding=\"async\" width=\"768\" height=\"1024\" src=\"https:\/\/onken.info\/wp-content\/uploads\/2019\/02\/200-Wood-2-768x1024.jpg\" alt=\"\" class=\"wp-image-291\" srcset=\"https:\/\/onken.info\/wp-content\/uploads\/2019\/02\/200-Wood-2-768x1024.jpg 768w, https:\/\/onken.info\/wp-content\/uploads\/2019\/02\/200-Wood-2-225x300.jpg 225w, https:\/\/onken.info\/wp-content\/uploads\/2019\/02\/200-Wood-2.jpg 1512w\" sizes=\"auto, (max-width: 768px) 100vw, 768px\" \/><figcaption>Pavillon MS-200 Wood de dos, catalogue Onken<br><br><\/figcaption><\/figure>\n\n\n\n<figure class=\"wp-block-image\"><img loading=\"lazy\" decoding=\"async\" width=\"768\" height=\"1024\" src=\"https:\/\/onken.info\/wp-content\/uploads\/2019\/02\/200-Wood-3-768x1024.jpg\" alt=\"\" class=\"wp-image-292\" srcset=\"https:\/\/onken.info\/wp-content\/uploads\/2019\/02\/200-Wood-3-768x1024.jpg 768w, https:\/\/onken.info\/wp-content\/uploads\/2019\/02\/200-Wood-3-225x300.jpg 225w, https:\/\/onken.info\/wp-content\/uploads\/2019\/02\/200-Wood-3.jpg 1512w\" sizes=\"auto, (max-width: 768px) 100vw, 768px\" \/><figcaption>Pavillon MS-200 Wood de c\u00f4t\u00e9, catalogue Onken<br><br><\/figcaption><\/figure>\n\n\n\n<figure class=\"wp-block-image\"><img loading=\"lazy\" decoding=\"async\" width=\"900\" height=\"675\" src=\"https:\/\/onken.info\/wp-content\/uploads\/2019\/02\/Onken-MS-200Wood.jpg\" alt=\"\" class=\"wp-image-293\" srcset=\"https:\/\/onken.info\/wp-content\/uploads\/2019\/02\/Onken-MS-200Wood.jpg 900w, https:\/\/onken.info\/wp-content\/uploads\/2019\/02\/Onken-MS-200Wood-300x225.jpg 300w, https:\/\/onken.info\/wp-content\/uploads\/2019\/02\/Onken-MS-200Wood-768x576.jpg 768w\" sizes=\"auto, (max-width: 900px) 100vw, 900px\" \/><figcaption>Pavillon MS-200 Wood couleur bois naturel<br><\/figcaption><\/figure>\n\n\n\n<figure class=\"wp-block-image\"><img loading=\"lazy\" decoding=\"async\" width=\"718\" height=\"1024\" src=\"https:\/\/onken.info\/wp-content\/uploads\/2019\/02\/BM_ONKRN-718x1024.jpg\" alt=\"\" class=\"wp-image-409\" srcset=\"https:\/\/onken.info\/wp-content\/uploads\/2019\/02\/BM_ONKRN-718x1024.jpg 718w, https:\/\/onken.info\/wp-content\/uploads\/2019\/02\/BM_ONKRN-210x300.jpg 210w, https:\/\/onken.info\/wp-content\/uploads\/2019\/02\/BM_ONKRN-768x1096.jpg 768w\" sizes=\"auto, (max-width: 718px) 100vw, 718px\" \/><figcaption>Plan des pavillons MS-200Wood<\/figcaption><\/figure>\n\n\n\n<figure class=\"wp-block-image\"><img loading=\"lazy\" decoding=\"async\" width=\"667\" height=\"1024\" src=\"https:\/\/onken.info\/wp-content\/uploads\/2019\/02\/Bas-medium-4-1-667x1024.jpg\" alt=\"\" class=\"wp-image-295\" srcset=\"https:\/\/onken.info\/wp-content\/uploads\/2019\/02\/Bas-medium-4-1-667x1024.jpg 667w, https:\/\/onken.info\/wp-content\/uploads\/2019\/02\/Bas-medium-4-1-196x300.jpg 196w, https:\/\/onken.info\/wp-content\/uploads\/2019\/02\/Bas-medium-4-1-768x1178.jpg 768w, https:\/\/onken.info\/wp-content\/uploads\/2019\/02\/Bas-medium-4-1.jpg 1961w\" sizes=\"auto, (max-width: 667px) 100vw, 667px\" \/><figcaption>Cote d&rsquo;une cellule du pavillon MS-200 Wood en bas de page, MJ Audio 1982<\/figcaption><\/figure>\n\n\n\n<figure class=\"wp-block-image\"><img decoding=\"async\" src=\"blob:https:\/\/onken.info\/0672a330-ad01-914a-88e8-a2f00e0bb9af\" alt=\"\"\/><\/figure>\n\n\n\n<figure class=\"wp-block-image\"><img loading=\"lazy\" decoding=\"async\" width=\"668\" height=\"1024\" src=\"https:\/\/onken.info\/wp-content\/uploads\/2019\/02\/Bas-medium-5-668x1024.jpg\" alt=\"\" class=\"wp-image-300\" srcset=\"https:\/\/onken.info\/wp-content\/uploads\/2019\/02\/Bas-medium-5-668x1024.jpg 668w, https:\/\/onken.info\/wp-content\/uploads\/2019\/02\/Bas-medium-5-196x300.jpg 196w, https:\/\/onken.info\/wp-content\/uploads\/2019\/02\/Bas-medium-5-768x1177.jpg 768w, https:\/\/onken.info\/wp-content\/uploads\/2019\/02\/Bas-medium-5.jpg 1977w\" sizes=\"auto, (max-width: 668px) 100vw, 668px\" \/><figcaption>Diverses mesures des MS-200 Wood, MJ Audio 1982<\/figcaption><\/figure>\n","protected":false},"excerpt":{"rendered":"<p>Pavillon bas-m\u00e9dium con\u00e7u \u00e0 l&rsquo;origine pour \u00eatre associ\u00e9 avec la compression OS-100TL, remplac\u00e9e par la suite par la OM-255ES. Pavillon de 15 cellules en bois avec parois verticales sabl\u00e9es Plage <a class=\"more-link\" href=\"https:\/\/onken.info\/?page_id=132\">Continuer la lecture \u2192<\/a><\/p>\n","protected":false},"author":1,"featured_media":0,"parent":0,"menu_order":0,"comment_status":"closed","ping_status":"closed","template":"","meta":{"footnotes":""},"class_list":["post-132","page","type-page","status-publish","hentry"],"_links":{"self":[{"href":"https:\/\/onken.info\/index.php?rest_route=\/wp\/v2\/pages\/132","targetHints":{"allow":["GET"]}}],"collection":[{"href":"https:\/\/onken.info\/index.php?rest_route=\/wp\/v2\/pages"}],"about":[{"href":"https:\/\/onken.info\/index.php?rest_route=\/wp\/v2\/types\/page"}],"author":[{"embeddable":true,"href":"https:\/\/onken.info\/index.php?rest_route=\/wp\/v2\/users\/1"}],"replies":[{"embeddable":true,"href":"https:\/\/onken.info\/index.php?rest_route=%2Fwp%2Fv2%2Fcomments&post=132"}],"version-history":[{"count":6,"href":"https:\/\/onken.info\/index.php?rest_route=\/wp\/v2\/pages\/132\/revisions"}],"predecessor-version":[{"id":412,"href":"https:\/\/onken.info\/index.php?rest_route=\/wp\/v2\/pages\/132\/revisions\/412"}],"wp:attachment":[{"href":"https:\/\/onken.info\/index.php?rest_route=%2Fwp%2Fv2%2Fmedia&parent=132"}],"curies":[{"name":"wp","href":"https:\/\/api.w.org\/{rel}","templated":true}]}}