{"id":128,"date":"2019-01-28T10:52:17","date_gmt":"2019-01-28T10:52:17","guid":{"rendered":"http:\/\/onken.info\/?page_id=128"},"modified":"2019-01-30T02:17:50","modified_gmt":"2019-01-30T02:17:50","slug":"os-500mt","status":"publish","type":"page","link":"https:\/\/onken.info\/?page_id=128","title":{"rendered":"OS-500MT"},"content":{"rendered":"\n<p>M\u00e9dium \u00e0 chambre de compression:<\/p>\n\n\n\n<ul class=\"wp-block-list\"><li>300 \u00e0 20 kHz<\/li><li>Plage d&rsquo;utilisation recommand\u00e9e: 600 \u00e0 8 kHz<\/li><li>8 Ohms<\/li><li>105 dB\/ 1 W\/ 1 m<\/li><li>Membrane titane 4,5 cm de diam\u00e8tre et 23 microns d\u2019\u00e9paisseur<\/li><li>22 000 gauss<\/li><li>6 kg<\/li><li>Association recommand\u00e9e avec le pavillon SC-500 Wood<\/li><li>Prix de vente original: 140 000 Yens<\/li><\/ul>\n\n\n\n<p><\/p>\n\n\n\n<figure class=\"wp-block-image\"><img loading=\"lazy\" decoding=\"async\" width=\"768\" height=\"1024\" src=\"http:\/\/onken.info\/wp-content\/uploads\/2019\/01\/Catalogue-Onken-1-1-768x1024.jpg\" alt=\"\" class=\"wp-image-214\" srcset=\"https:\/\/onken.info\/wp-content\/uploads\/2019\/01\/Catalogue-Onken-1-1-768x1024.jpg 768w, https:\/\/onken.info\/wp-content\/uploads\/2019\/01\/Catalogue-Onken-1-1-225x300.jpg 225w, https:\/\/onken.info\/wp-content\/uploads\/2019\/01\/Catalogue-Onken-1-1.jpg 1417w\" sizes=\"auto, (max-width: 768px) 100vw, 768px\" \/><figcaption>Catalogue Onken pr\u00e9sentant le m\u00e9dium OS-500MT en bas \u00e0 droite<br><br><\/figcaption><\/figure>\n\n\n","protected":false},"excerpt":{"rendered":"<p>M\u00e9dium \u00e0 chambre de compression: 300 \u00e0 20 kHz Plage d&rsquo;utilisation recommand\u00e9e: 600 \u00e0 8 kHz 8 Ohms 105 dB\/ 1 W\/ 1 m Membrane titane 4,5 cm de diam\u00e8tre <a class=\"more-link\" href=\"https:\/\/onken.info\/?page_id=128\">Continuer la lecture \u2192<\/a><\/p>\n","protected":false},"author":1,"featured_media":0,"parent":0,"menu_order":0,"comment_status":"closed","ping_status":"closed","template":"","meta":{"footnotes":""},"class_list":["post-128","page","type-page","status-publish","hentry"],"_links":{"self":[{"href":"https:\/\/onken.info\/index.php?rest_route=\/wp\/v2\/pages\/128","targetHints":{"allow":["GET"]}}],"collection":[{"href":"https:\/\/onken.info\/index.php?rest_route=\/wp\/v2\/pages"}],"about":[{"href":"https:\/\/onken.info\/index.php?rest_route=\/wp\/v2\/types\/page"}],"author":[{"embeddable":true,"href":"https:\/\/onken.info\/index.php?rest_route=\/wp\/v2\/users\/1"}],"replies":[{"embeddable":true,"href":"https:\/\/onken.info\/index.php?rest_route=%2Fwp%2Fv2%2Fcomments&post=128"}],"version-history":[{"count":4,"href":"https:\/\/onken.info\/index.php?rest_route=\/wp\/v2\/pages\/128\/revisions"}],"predecessor-version":[{"id":219,"href":"https:\/\/onken.info\/index.php?rest_route=\/wp\/v2\/pages\/128\/revisions\/219"}],"wp:attachment":[{"href":"https:\/\/onken.info\/index.php?rest_route=%2Fwp%2Fv2%2Fmedia&parent=128"}],"curies":[{"name":"wp","href":"https:\/\/api.w.org\/{rel}","templated":true}]}}