{"id":110,"date":"2019-01-28T10:47:17","date_gmt":"2019-01-28T10:47:17","guid":{"rendered":"http:\/\/onken.info\/?page_id=110"},"modified":"2019-02-05T01:09:18","modified_gmt":"2019-02-05T01:09:18","slug":"om-455-esprit-om-456-esprit","status":"publish","type":"page","link":"https:\/\/onken.info\/?page_id=110","title":{"rendered":"OM-455 Esprit\/OM-456 Esprit"},"content":{"rendered":"\n<p>M\u00e9dium \u00e0 chambre de compression:<\/p>\n\n\n\n<ul class=\"wp-block-list\"><li>300 \u00e0 10 kHz<\/li><li>Plage d\u2019utilisation recommand\u00e9e: 600 \u00e0 8 kHz en 3 voies et 1 kHz \u00e0 8 kHz en 4 voies<\/li><li>16 Ohms<\/li><li>104\/105 dB\/ 1 W\/ 1 m<\/li><li>23 000 gauss<\/li><li>6 kg<\/li><li>Association recommand\u00e9e avec le pavillon SC-500 Wood<\/li><li>Prix de vente original: 35 000 Yens (1985-1986)<\/li><li>OM-455 Esprit (sortie 1&Prime;)<\/li><li>OM-456 Esprit (sortie 1 1\/4&Prime;)<\/li><\/ul>\n\n\n\n<p><\/p>\n\n\n\n<figure class=\"wp-block-image\"><img loading=\"lazy\" decoding=\"async\" width=\"800\" height=\"531\" src=\"http:\/\/onken.info\/wp-content\/uploads\/2019\/01\/OM-455E-85.jpg\" alt=\"\" class=\"wp-image-225\" srcset=\"https:\/\/onken.info\/wp-content\/uploads\/2019\/01\/OM-455E-85.jpg 800w, https:\/\/onken.info\/wp-content\/uploads\/2019\/01\/OM-455E-85-300x199.jpg 300w, https:\/\/onken.info\/wp-content\/uploads\/2019\/01\/OM-455E-85-768x510.jpg 768w\" sizes=\"auto, (max-width: 800px) 100vw, 800px\" \/><figcaption>Caract\u00e9ristiques de la OM-455 Esprit de 1985<br><br><br><br><\/figcaption><\/figure>\n\n\n\n<figure class=\"wp-block-image\"><img loading=\"lazy\" decoding=\"async\" width=\"768\" height=\"1024\" src=\"http:\/\/onken.info\/wp-content\/uploads\/2019\/01\/Catalogue-Onken-2-1-768x1024.jpg\" alt=\"\" class=\"wp-image-226\" srcset=\"https:\/\/onken.info\/wp-content\/uploads\/2019\/01\/Catalogue-Onken-2-1-768x1024.jpg 768w, https:\/\/onken.info\/wp-content\/uploads\/2019\/01\/Catalogue-Onken-2-1-225x300.jpg 225w, https:\/\/onken.info\/wp-content\/uploads\/2019\/01\/Catalogue-Onken-2-1.jpg 1134w\" sizes=\"auto, (max-width: 768px) 100vw, 768px\" \/><figcaption>Mesures de la r\u00e9ponse en fr\u00e9quence, de l&rsquo;imp\u00e9dance et de la sensibilit\u00e9 de la OM-455 Esprit en bas de page<br><br><br><\/figcaption><\/figure>\n\n\n\n<figure class=\"wp-block-image\"><img loading=\"lazy\" decoding=\"async\" width=\"768\" height=\"1024\" src=\"http:\/\/onken.info\/wp-content\/uploads\/2019\/01\/Catalogue-Onken-3-768x1024.jpg\" alt=\"\" class=\"wp-image-227\" srcset=\"https:\/\/onken.info\/wp-content\/uploads\/2019\/01\/Catalogue-Onken-3-768x1024.jpg 768w, https:\/\/onken.info\/wp-content\/uploads\/2019\/01\/Catalogue-Onken-3-225x300.jpg 225w\" sizes=\"auto, (max-width: 768px) 100vw, 768px\" \/><figcaption>Certaines caract\u00e9ristiques de la OM-455 Esprit de 1985<br><br><\/figcaption><\/figure>\n\n\n\n<p><br><\/p>\n","protected":false},"excerpt":{"rendered":"<p>M\u00e9dium \u00e0 chambre de compression: 300 \u00e0 10 kHz Plage d\u2019utilisation recommand\u00e9e: 600 \u00e0 8 kHz en 3 voies et 1 kHz \u00e0 8 kHz en 4 voies 16 Ohms <a class=\"more-link\" href=\"https:\/\/onken.info\/?page_id=110\">Continuer la lecture \u2192<\/a><\/p>\n","protected":false},"author":1,"featured_media":0,"parent":0,"menu_order":0,"comment_status":"closed","ping_status":"closed","template":"","meta":{"footnotes":""},"class_list":["post-110","page","type-page","status-publish","hentry"],"_links":{"self":[{"href":"https:\/\/onken.info\/index.php?rest_route=\/wp\/v2\/pages\/110","targetHints":{"allow":["GET"]}}],"collection":[{"href":"https:\/\/onken.info\/index.php?rest_route=\/wp\/v2\/pages"}],"about":[{"href":"https:\/\/onken.info\/index.php?rest_route=\/wp\/v2\/types\/page"}],"author":[{"embeddable":true,"href":"https:\/\/onken.info\/index.php?rest_route=\/wp\/v2\/users\/1"}],"replies":[{"embeddable":true,"href":"https:\/\/onken.info\/index.php?rest_route=%2Fwp%2Fv2%2Fcomments&post=110"}],"version-history":[{"count":5,"href":"https:\/\/onken.info\/index.php?rest_route=\/wp\/v2\/pages\/110\/revisions"}],"predecessor-version":[{"id":314,"href":"https:\/\/onken.info\/index.php?rest_route=\/wp\/v2\/pages\/110\/revisions\/314"}],"wp:attachment":[{"href":"https:\/\/onken.info\/index.php?rest_route=%2Fwp%2Fv2%2Fmedia&parent=110"}],"curies":[{"name":"wp","href":"https:\/\/api.w.org\/{rel}","templated":true}]}}