{"id":107,"date":"2019-01-28T10:46:40","date_gmt":"2019-01-28T10:46:40","guid":{"rendered":"http:\/\/onken.info\/?page_id=107"},"modified":"2019-01-31T22:35:30","modified_gmt":"2019-01-31T22:35:30","slug":"om-845-esprit","status":"publish","type":"page","link":"https:\/\/onken.info\/?page_id=107","title":{"rendered":"OM-845 Esprit"},"content":{"rendered":"\n<p>M\u00e9dium-aigu \u00e0 compression<\/p>\n\n\n\n<ul class=\"wp-block-list\"><li>R\u00e9ponse en fr\u00e9quence : 800 \u00e0 25 kHz<\/li><li>8 ou 16 Ohms<\/li><li>103 dB\/ W \/1m<\/li><li>4.5 kg<\/li><li>Membrane titane<\/li><\/ul>\n\n\n","protected":false},"excerpt":{"rendered":"<p>M\u00e9dium-aigu \u00e0 compression R\u00e9ponse en fr\u00e9quence : 800 \u00e0 25 kHz 8 ou 16 Ohms 103 dB\/ W \/1m 4.5 kg Membrane titane<\/p>\n","protected":false},"author":1,"featured_media":0,"parent":0,"menu_order":0,"comment_status":"closed","ping_status":"closed","template":"","meta":{"footnotes":""},"class_list":["post-107","page","type-page","status-publish","hentry"],"_links":{"self":[{"href":"https:\/\/onken.info\/index.php?rest_route=\/wp\/v2\/pages\/107","targetHints":{"allow":["GET"]}}],"collection":[{"href":"https:\/\/onken.info\/index.php?rest_route=\/wp\/v2\/pages"}],"about":[{"href":"https:\/\/onken.info\/index.php?rest_route=\/wp\/v2\/types\/page"}],"author":[{"embeddable":true,"href":"https:\/\/onken.info\/index.php?rest_route=\/wp\/v2\/users\/1"}],"replies":[{"embeddable":true,"href":"https:\/\/onken.info\/index.php?rest_route=%2Fwp%2Fv2%2Fcomments&post=107"}],"version-history":[{"count":2,"href":"https:\/\/onken.info\/index.php?rest_route=\/wp\/v2\/pages\/107\/revisions"}],"predecessor-version":[{"id":236,"href":"https:\/\/onken.info\/index.php?rest_route=\/wp\/v2\/pages\/107\/revisions\/236"}],"wp:attachment":[{"href":"https:\/\/onken.info\/index.php?rest_route=%2Fwp%2Fv2%2Fmedia&parent=107"}],"curies":[{"name":"wp","href":"https:\/\/api.w.org\/{rel}","templated":true}]}}